{"id":4960,"date":"2023-06-08T08:41:44","date_gmt":"2023-06-08T08:41:44","guid":{"rendered":"http:\/\/oassiuminmobiliaria.com\/?page_id=4960"},"modified":"2025-11-17T11:20:06","modified_gmt":"2025-11-17T10:20:06","slug":"contact-us","status":"publish","type":"page","link":"https:\/\/oassiuminmobiliaria.com\/fr\/contact-us\/","title":{"rendered":"Contactez-nous"},"content":{"rendered":"<div data-elementor-type=\"wp-page\" data-elementor-id=\"4960\" class=\"elementor elementor-4960\">\n\t\t\t\t\t\t<section class=\"elementor-section elementor-top-section elementor-element elementor-element-9785ed9 elementor-section-boxed elementor-section-height-default elementor-section-height-default\" data-id=\"9785ed9\" data-element_type=\"section\">\n\t\t\t\t\t\t<div class=\"elementor-container elementor-column-gap-default\">\n\t\t\t\t\t<div class=\"elementor-column elementor-col-50 elementor-top-column elementor-element elementor-element-68fd975 elementor-hidden-desktop elementor-hidden-tablet elementor-hidden-mobile\" data-id=\"68fd975\" data-element_type=\"column\">\n\t\t\t<div class=\"elementor-widget-wrap\">\n\t\t\t\t\t\t\t<\/div>\n\t\t<\/div>\n\t\t\t\t<div class=\"elementor-column elementor-col-50 elementor-top-column elementor-element elementor-element-0920b0c\" data-id=\"0920b0c\" data-element_type=\"column\">\n\t\t\t<div class=\"elementor-widget-wrap\">\n\t\t\t\t\t\t\t<\/div>\n\t\t<\/div>\n\t\t\t\t\t<\/div>\n\t\t<\/section>\n\t\t\t\t<section class=\"elementor-section elementor-top-section elementor-element elementor-element-522f5429 elementor-section-boxed elementor-section-height-default elementor-section-height-default\" data-id=\"522f5429\" data-element_type=\"section\">\n\t\t\t\t\t\t<div class=\"elementor-container elementor-column-gap-default\">\n\t\t\t\t\t<div class=\"elementor-column elementor-col-50 elementor-top-column elementor-element elementor-element-bf9bba5\" data-id=\"bf9bba5\" data-element_type=\"column\">\n\t\t\t<div class=\"elementor-widget-wrap elementor-element-populated\">\n\t\t\t\t\t\t<div class=\"elementor-element elementor-element-ed0dad0 elementor-widget elementor-widget-image\" data-id=\"ed0dad0\" data-element_type=\"widget\" data-widget_type=\"image.default\">\n\t\t\t\t<div class=\"elementor-widget-container\">\n\t\t\t\t\t\t\t\t\t\t\t\t\t\t\t<img decoding=\"async\" src=\"http:\/\/oassiuminmobiliaria.com\/wp-content\/uploads\/2015\/07\/luxury-living-room.jpg\" title=\"\" alt=\"\" loading=\"lazy\" \/>\t\t\t\t\t\t\t\t\t\t\t\t\t\t\t<\/div>\n\t\t\t\t<\/div>\n\t\t\t\t\t<\/div>\n\t\t<\/div>\n\t\t\t\t<div class=\"elementor-column elementor-col-50 elementor-top-column elementor-element elementor-element-d0949fd\" data-id=\"d0949fd\" data-element_type=\"column\">\n\t\t\t<div class=\"elementor-widget-wrap elementor-element-populated\">\n\t\t\t\t\t\t<div class=\"elementor-element elementor-element-7b73988e elementor-widget elementor-widget-heading\" data-id=\"7b73988e\" data-element_type=\"widget\" data-widget_type=\"heading.default\">\n\t\t\t\t<div class=\"elementor-widget-container\">\n\t\t\t\t\t<h3 class=\"elementor-heading-title elementor-size-default\"><a href=\"http:\/\/oassiuminmobiliaria.com\/\">Oassium Inmobiliaria<\/a><\/h3>\t\t\t\t<\/div>\n\t\t\t\t<\/div>\n\t\t\t\t<div class=\"elementor-element elementor-element-489a1117 elementor-widget elementor-widget-heading\" data-id=\"489a1117\" data-element_type=\"widget\" data-widget_type=\"heading.default\">\n\t\t\t\t<div class=\"elementor-widget-container\">\n\t\t\t\t\t<h2 class=\"elementor-heading-title elementor-size-default\">Au sujet de notre compagnie <\/h2>\t\t\t\t<\/div>\n\t\t\t\t<\/div>\n\t\t\t\t<div class=\"elementor-element elementor-element-12534153 elementor-widget elementor-widget-text-editor\" data-id=\"12534153\" data-element_type=\"widget\" data-widget_type=\"text-editor.default\">\n\t\t\t\t<div class=\"elementor-widget-container\">\n\t\t\t\t\t\t\t\t\tBienvenue chez Oassium\nImmobilier, son principal\ndestinations pour tous\nbesoins immobiliers !\nEn tant que site Web leader dans\npropri\u00e9t\u00e9s, nous sommes\nd\u00e9di\u00e9 \u00e0 fournir une\nexp\u00e9rience exceptionnelle\npour les acheteurs,\nvendeurs, locataires et\npropri\u00e9taires pareillement.<br><br>\n\nChez Oassium Immobilier,\nnous comprenons ce qu'il faut trouver\nla bonne propri\u00e9t\u00e9 est\nplus qu'un simple\nop\u00e9ration\u00a0: c'est\ntrouver un endroit pour\nappeler \u00e0 la maison, un espace\nconstruire des r\u00eaves ou un\nopportunit\u00e9 d'investissement pour un avenir prosp\u00e8re.\nNotre objectif est\nsimplifier et rationaliser\nprocessus de recherche\npropri\u00e9t\u00e9s, le faire\nefficace, fiable et\nadapt\u00e9 \u00e0 vos besoins\nunique.\u00a0\t\t\t\t\t\t\t\t<\/div>\n\t\t\t\t<\/div>\n\t\t\t\t<div class=\"elementor-element elementor-element-2d6c0a9 elementor-list-item-link-inline elementor-align-start elementor-icon-list--layout-traditional elementor-widget elementor-widget-icon-list\" data-id=\"2d6c0a9\" data-element_type=\"widget\" data-widget_type=\"icon-list.default\">\n\t\t\t\t<div class=\"elementor-widget-container\">\n\t\t\t\t\t\t\t<ul class=\"elementor-icon-list-items\">\n\t\t\t\t\t\t\t<li class=\"elementor-icon-list-item\">\n\t\t\t\t\t\t\t\t\t\t\t<a href=\"https:\/\/wa.me\/+34615259919\">\n\n\t\t\t\t\t\t\t\t\t\t\t\t<span class=\"elementor-icon-list-icon\">\n\t\t\t\t\t\t\t<i aria-hidden=\"true\" class=\"fas fa-phone-alt\"><\/i>\t\t\t\t\t\t<\/span>\n\t\t\t\t\t\t\t\t\t\t<span class=\"elementor-icon-list-text\">T\u00e9l\u00e9phone  <br> +34 615 259 919<\/span>\n\t\t\t\t\t\t\t\t\t\t\t<\/a>\n\t\t\t\t\t\t\t\t\t<\/li>\n\t\t\t\t\t\t\t\t<li class=\"elementor-icon-list-item\">\n\t\t\t\t\t\t\t\t\t\t\t<span class=\"elementor-icon-list-icon\">\n\t\t\t\t\t\t\t<i aria-hidden=\"true\" class=\"fas fa-envelope\"><\/i>\t\t\t\t\t\t<\/span>\n\t\t\t\t\t\t\t\t\t\t<span class=\"elementor-icon-list-text\">Email <br> inmo@oassiuminmobiliaria.com<\/span>\n\t\t\t\t\t\t\t\t\t<\/li>\n\t\t\t\t\t\t\t\t<li class=\"elementor-icon-list-item\">\n\t\t\t\t\t\t\t\t\t\t\t<span class=\"elementor-icon-list-icon\">\n\t\t\t\t\t\t\t<i aria-hidden=\"true\" class=\"fas fa-location-arrow\"><\/i>\t\t\t\t\t\t<\/span>\n\t\t\t\t\t\t\t\t\t\t<span class=\"elementor-icon-list-text\">Adresse <br> BUREAU COMMERCIAL NORD\u00a0: <br> - Barcelona <br> <\/span>\n\t\t\t\t\t\t\t\t\t<\/li>\n\t\t\t\t\t\t\t\t<li class=\"elementor-icon-list-item\">\n\t\t\t\t\t\t\t\t\t\t\t<span class=\"elementor-icon-list-icon\">\n\t\t\t\t\t\t\t<i aria-hidden=\"true\" class=\"fas fa-location-arrow\"><\/i>\t\t\t\t\t\t<\/span>\n\t\t\t\t\t\t\t\t\t\t<span class=\"elementor-icon-list-text\">BUREAU PRINCIPAL: <br>  - Port Esportiu \u2013 Zona L \u2013 Tarragona<\/span>\n\t\t\t\t\t\t\t\t\t<\/li>\n\t\t\t\t\t\t\t\t<li class=\"elementor-icon-list-item\">\n\t\t\t\t\t\t\t\t\t\t\t<span class=\"elementor-icon-list-icon\">\n\t\t\t\t\t\t\t<i aria-hidden=\"true\" class=\"fas fa-location-arrow\"><\/i>\t\t\t\t\t\t<\/span>\n\t\t\t\t\t\t\t\t\t\t<span class=\"elementor-icon-list-text\">BUREAU COMMERCIAL SUD : <br>  Passeig d'Albert, 13, 1\u00ba 43850 Cambrils<\/span>\n\t\t\t\t\t\t\t\t\t<\/li>\n\t\t\t\t\t\t<\/ul>\n\t\t\t\t\t\t<\/div>\n\t\t\t\t<\/div>\n\t\t\t\t\t<\/div>\n\t\t<\/div>\n\t\t\t\t\t<\/div>\n\t\t<\/section>\n\t\t\t\t<\/div>","protected":false},"excerpt":{"rendered":"<p>Oassium Inmobiliaria Sobre nuestra compa\u00f1\u00eda \u00a1Bienvenido a Oassium Inmobiliaria, su principal destino para todas sus necesidades inmobiliarias! Como un sitio web l\u00edder en propiedades, estamos dedicados a brindar una experiencia excepcional para compradores, vendedores, inquilinos y propietarios por igual. En Oassium Inmobiliaria, entendemos que encontrar la propiedad adecuada es m\u00e1s que una simple transacci\u00f3n: se&#8230;<\/p>","protected":false},"author":1,"featured_media":0,"parent":0,"menu_order":0,"comment_status":"closed","ping_status":"closed","template":"","meta":{"footnotes":""},"class_list":["post-4960","page","type-page","status-publish","hentry"],"_links":{"self":[{"href":"https:\/\/oassiuminmobiliaria.com\/fr\/wp-json\/wp\/v2\/pages\/4960","targetHints":{"allow":["GET"]}}],"collection":[{"href":"https:\/\/oassiuminmobiliaria.com\/fr\/wp-json\/wp\/v2\/pages"}],"about":[{"href":"https:\/\/oassiuminmobiliaria.com\/fr\/wp-json\/wp\/v2\/types\/page"}],"author":[{"embeddable":true,"href":"https:\/\/oassiuminmobiliaria.com\/fr\/wp-json\/wp\/v2\/users\/1"}],"replies":[{"embeddable":true,"href":"https:\/\/oassiuminmobiliaria.com\/fr\/wp-json\/wp\/v2\/comments?post=4960"}],"version-history":[{"count":81,"href":"https:\/\/oassiuminmobiliaria.com\/fr\/wp-json\/wp\/v2\/pages\/4960\/revisions"}],"predecessor-version":[{"id":25266,"href":"https:\/\/oassiuminmobiliaria.com\/fr\/wp-json\/wp\/v2\/pages\/4960\/revisions\/25266"}],"wp:attachment":[{"href":"https:\/\/oassiuminmobiliaria.com\/fr\/wp-json\/wp\/v2\/media?parent=4960"}],"curies":[{"name":"wp","href":"https:\/\/api.w.org\/{rel}","templated":true}]}}