{"id":16484,"date":"2024-12-11T16:09:37","date_gmt":"2024-12-11T15:09:37","guid":{"rendered":"https:\/\/oassiuminmobiliaria.com\/?page_id=16484"},"modified":"2025-01-23T17:10:23","modified_gmt":"2025-01-23T16:10:23","slug":"politica-de-privacidad","status":"publish","type":"page","link":"https:\/\/oassiuminmobiliaria.com\/zh\/politica-de-privacidad\/","title":{"rendered":"Politica de privacidad"},"content":{"rendered":"\t\t<div data-elementor-type=\"wp-page\" data-elementor-id=\"16484\" class=\"elementor elementor-16484\">\n\t\t\t\t\t\t<section class=\"elementor-section elementor-top-section elementor-element elementor-element-abb2565 elementor-section-full_width elementor-section-height-default elementor-section-height-default\" data-id=\"abb2565\" data-element_type=\"section\">\n\t\t\t\t\t\t<div class=\"elementor-container elementor-column-gap-default\">\n\t\t\t\t\t<div class=\"elementor-column elementor-col-100 elementor-top-column elementor-element elementor-element-37c16c1\" data-id=\"37c16c1\" data-element_type=\"column\">\n\t\t\t<div class=\"elementor-widget-wrap elementor-element-populated\">\n\t\t\t\t\t\t<div class=\"elementor-element elementor-element-dc0f87c elementor-widget elementor-widget-text-editor\" data-id=\"dc0f87c\" data-element_type=\"widget\" data-widget_type=\"text-editor.default\">\n\t\t\t\t<div class=\"elementor-widget-container\">\n\t\t\t\t\t\t\t\t\t<p data-pm-slice=\"1 1 []\">En <strong>Oassium Inmobiliaria<\/strong>, nos comprometemos a proteger la privacidad de nuestros usuarios y garantizar la seguridad de la informaci\u00f3n personal que recopilamos. Esta pol\u00edtica de privacidad describe c\u00f3mo recopilamos, utilizamos y protegemos sus datos personales. Al utilizar nuestro sitio web, usted acepta las pr\u00e1cticas descritas en esta pol\u00edtica.<\/p><h3>Informaci\u00f3n de contacto<\/h3><p><strong>Nombre de la empresa:<\/strong> Oassium Inmobiliaria<br><strong>Direcci\u00f3n f\u00edsica:<\/strong> Mas Blanc 19, La Pobla de Mafumet, Tarragona<br><strong>Correo electr\u00f3nico:<\/strong> <a disabled=\"true\">inmo@oassiuminmobiliaria.com<\/a><br><strong>Tel\u00e9fono:<\/strong> +34 615 259 919<\/p><h3>Datos que recopilamos<\/h3><p>Recopilamos los siguientes datos personales de los usuarios:<\/p><ul data-spread=\"false\"><li><p>Nombre.<\/p><\/li><li><p>Tel\u00e9fono.<\/p><\/li><li><p>Correo electr\u00f3nico.<\/p><\/li><\/ul><p>Tambi\u00e9n recopilamos informaci\u00f3n t\u00e9cnica y de navegaci\u00f3n mediante el uso de cookies, incluyendo datos proporcionados por Google para trazar comportamientos de navegaci\u00f3n.<\/p><h3>Finalidad del tratamiento de datos<\/h3><p>Los datos personales recopilados ser\u00e1n utilizados para los siguientes fines:<\/p><ul data-spread=\"false\"><li><p>Solventar dudas o consultas realizadas por los usuarios.<\/p><\/li><li><p>Responder solicitudes de informaci\u00f3n.<\/p><\/li><li><p>Gestionar procesos de ventas y servicios relacionados con nuestras actividades inmobiliarias.<\/p><\/li><\/ul><h3>Base legal para el tratamiento de los datos<\/h3><p>Tratamos los datos personales con base en el consentimiento otorgado por los usuarios al proporcionar su informaci\u00f3n a trav\u00e9s de nuestro sitio web o canales de comunicaci\u00f3n.<\/p><h3>Compartici\u00f3n de datos con terceros<\/h3><p>En algunos casos, compartimos los datos personales con terceros, como proveedores de servicios, con el prop\u00f3sito de garantizar la correcta ejecuci\u00f3n de nuestras actividades y mejorar la experiencia del usuario. Aseguramos que dichos terceros cumplan con la legislaci\u00f3n vigente en materia de protecci\u00f3n de datos.<\/p><h3>Seguridad de los datos<\/h3><p>Implementamos medidas t\u00e9cnicas y organizativas para proteger los datos personales contra accesos no autorizados, p\u00e9rdidas o alteraciones. Los datos se almacenan en servidores cifrados ubicados dentro de Espa\u00f1a.<\/p><h3>Derechos de los usuarios<\/h3><p>Los usuarios tienen derecho a:<\/p><ul data-spread=\"false\"><li><p>Acceder, rectificar o eliminar sus datos personales.<\/p><\/li><li><p>Limitar u oponerse al tratamiento de sus datos.<\/p><\/li><li><p>Retirar su consentimiento en cualquier momento.<\/p><\/li><\/ul><p>Para ejercer estos derechos, puede ponerse en contacto con nosotros a trav\u00e9s del correo electr\u00f3nico: <a disabled=\"true\"><strong>inmo@oassiuminmobiliaria.com<\/strong><\/a>.<\/p><h3>Uso de cookies<\/h3><p>Utilizamos cookies y tecnolog\u00edas de seguimiento proporcionadas por Google para analizar comportamientos de navegaci\u00f3n y mejorar nuestros servicios. Al continuar navegando en nuestro sitio, usted acepta el uso de cookies. Puede gestionar sus preferencias de cookies desde la configuraci\u00f3n de su navegador.<\/p><h3>Almacenamiento de datos<\/h3><p>Los datos personales se almacenan en servidores seguros ubicados dentro del territorio espa\u00f1ol.<\/p><h3>Edad m\u00ednima para el uso del sitio<\/h3><p>Nuestro sitio web est\u00e1 disponible para usuarios de todas las edades y no existen restricciones de edad para su uso.<\/p><h3>Actualizaci\u00f3n de la pol\u00edtica<\/h3><p>Esta pol\u00edtica de privacidad se actualizar\u00e1 \u00fanicamente si hay cambios en la legislaci\u00f3n aplicable. Cualquier modificaci\u00f3n ser\u00e1 publicada en esta p\u00e1gina.<\/p><p>Si tiene alguna pregunta o inquietud sobre nuestra pol\u00edtica de privacidad, no dude en ponerse en contacto con nosotros a trav\u00e9s de los medios mencionados anteriormente.<\/p><p>Fecha de \u00faltima actualizaci\u00f3n: [Especificar fecha de actualizaci\u00f3n].<\/p>\t\t\t\t\t\t\t\t<\/div>\n\t\t\t\t<\/div>\n\t\t\t\t\t<\/div>\n\t\t<\/div>\n\t\t\t\t\t<\/div>\n\t\t<\/section>\n\t\t\t\t<section class=\"elementor-section elementor-top-section elementor-element elementor-element-f00e2a1 elementor-section-boxed elementor-section-height-default elementor-section-height-default\" data-id=\"f00e2a1\" data-element_type=\"section\">\n\t\t\t\t\t\t<div class=\"elementor-container elementor-column-gap-default\">\n\t\t\t\t\t<div class=\"elementor-column elementor-col-100 elementor-top-column elementor-element elementor-element-faa49bc\" data-id=\"faa49bc\" data-element_type=\"column\">\n\t\t\t<div class=\"elementor-widget-wrap elementor-element-populated\">\n\t\t\t\t\t\t<div class=\"elementor-element elementor-element-5d21580 elementor-widget elementor-widget-heading\" data-id=\"5d21580\" data-element_type=\"widget\" data-widget_type=\"heading.default\">\n\t\t\t\t<div class=\"elementor-widget-container\">\n\t\t\t\t\t<h2 class=\"elementor-heading-title elementor-size-default\">POLITICA DE COOKIES<\/h2>\t\t\t\t<\/div>\n\t\t\t\t<\/div>\n\t\t\t\t\t<\/div>\n\t\t<\/div>\n\t\t\t\t\t<\/div>\n\t\t<\/section>\n\t\t\t\t<section class=\"elementor-section elementor-top-section elementor-element elementor-element-b0f5680 elementor-section-boxed elementor-section-height-default elementor-section-height-default\" data-id=\"b0f5680\" data-element_type=\"section\">\n\t\t\t\t\t\t<div class=\"elementor-container elementor-column-gap-default\">\n\t\t\t\t\t<div class=\"elementor-column elementor-col-100 elementor-top-column elementor-element elementor-element-da5c967\" data-id=\"da5c967\" data-element_type=\"column\">\n\t\t\t<div class=\"elementor-widget-wrap elementor-element-populated\">\n\t\t\t\t\t\t<div class=\"elementor-element elementor-element-ea33c04 elementor-widget elementor-widget-text-editor\" data-id=\"ea33c04\" data-element_type=\"widget\" data-widget_type=\"text-editor.default\">\n\t\t\t\t<div class=\"elementor-widget-container\">\n\t\t\t\t\t\t\t\t\t<p data-pm-slice=\"1 1 []\"><strong>Pol\u00edtica de Cookies de Mihau to ten SL<\/strong><\/p><p><strong>\u00bfQu\u00e9 son las cookies?<\/strong> Las cookies son peque\u00f1os archivos de texto que se almacenan en su dispositivo cuando visita nuestro sitio web, <a href=\"http:\/\/www.oassiuminmobiliaria.com\">www.oassiuminmobiliaria.com<\/a>. Estas cookies permiten que el sitio funcione correctamente, recuerden sus preferencias y recopilen informaci\u00f3n sobre c\u00f3mo utiliza nuestro sitio.<\/p><div><hr \/><\/div><p><strong>\u00bfQu\u00e9 tipos de cookies utilizamos?<\/strong><\/p><ol start=\"1\" data-spread=\"true\"><li><p><strong>Cookies esenciales:<\/strong> Estas cookies son necesarias para el correcto funcionamiento del sitio web y no pueden ser desactivadas. Permiten funciones como la navegaci\u00f3n segura y el acceso a \u00e1reas protegidas del sitio.<\/p><\/li><li><p><strong>Cookies de an\u00e1lisis y estad\u00edsticas:<\/strong> Utilizamos Google Analytics para recopilar informaci\u00f3n an\u00f3nima sobre el uso del sitio, como las p\u00e1ginas visitadas, el tiempo de navegaci\u00f3n y otros datos que nos ayudan a mejorar su experiencia.<\/p><\/li><li><p><strong>Cookies de publicidad y remarketing:<\/strong> Estas cookies se utilizan para mostrarle anuncios relevantes y personalizados, tanto en nuestro sitio como en plataformas de terceros.<\/p><\/li><li><p><strong>Cookies de terceros:<\/strong> Incluyen cookies de redes sociales, que permiten compartir contenido en plataformas como Facebook, Instagram o Twitter.<\/p><\/li><\/ol><div><hr \/><\/div><p><strong>\u00bfCon qu\u00e9 finalidad utilizamos las cookies?<\/strong><\/p><p>Las cookies que utilizamos en nuestro sitio web cumplen con las siguientes finalidades:<\/p><ul data-spread=\"false\"><li><p>Garantizar el correcto funcionamiento del sitio web.<\/p><\/li><li><p>Recordar sus preferencias de usuario.<\/p><\/li><li><p>Analizar su comportamiento de navegaci\u00f3n para mejorar nuestra oferta de servicios.<\/p><\/li><li><p>Personalizar los anuncios que se le muestran en funci\u00f3n de sus intereses.<\/p><\/li><li><p>Permitir la integraci\u00f3n con redes sociales y compartir contenido.<\/p><\/li><\/ul><div><hr \/><\/div><p><strong>Consentimiento del usuario<\/strong><\/p><p>Cuando acceda a nuestro sitio web, se le mostrar\u00e1 un banner o ventana emergente inform\u00e1ndole sobre el uso de cookies. Puede aceptar o rechazar las cookies opcionales de an\u00e1lisis, publicidad y redes sociales. Las cookies esenciales no pueden ser desactivadas porque son necesarias para el funcionamiento del sitio.<\/p><p>Si decide rechazar las cookies opcionales, su experiencia de navegaci\u00f3n puede verse limitada, pero seguir\u00e1 teniendo acceso al sitio web.<\/p><div><hr \/><\/div><p><strong>Duraci\u00f3n de las cookies<\/strong><\/p><p>Todas las cookies utilizadas en nuestro sitio web son temporales y se eliminan autom\u00e1ticamente al finalizar su sesi\u00f3n o dentro de un plazo limitado.<\/p><div><hr \/><\/div><p><strong>Gesti\u00f3n de las cookies<\/strong><\/p><p>Puede gestionar o eliminar las cookies almacenadas en su dispositivo desde la configuraci\u00f3n de su navegador. Tambi\u00e9n puede acceder a las opciones de gesti\u00f3n desde el pop-up que se muestra en nuestro sitio web. Para obtener m\u00e1s informaci\u00f3n sobre c\u00f3mo gestionar cookies en navegadores populares, puede visitar los siguientes enlaces:<\/p><ul data-spread=\"false\"><li><p><a>Google Chrome<\/a><\/p><\/li><li><p><a href=\"https:\/\/support.mozilla.org\/es\/kb\/habilitar-y-deshabilitar-cookies-sitios-web-rastrear-preferencias\">Mozilla Firefox<\/a><\/p><\/li><li><p><a href=\"https:\/\/support.microsoft.com\/es-es\/microsoft-edge\/eliminar-cookies-en-microsoft-edge-63947406-40ac-c3b8-57b9-2a946a29ae09\">Microsoft Edge<\/a><\/p><\/li><li><p><a href=\"https:\/\/support.apple.com\/es-es\/guide\/safari\/sfri11471\/mac\">Safari<\/a><\/p><\/li><\/ul><div><hr \/><\/div><p><strong>Legislaci\u00f3n aplicable<\/strong><\/p><p>Esta pol\u00edtica de cookies cumple con la normativa vigente en Espa\u00f1a, incluyendo el Reglamento General de Protecci\u00f3n de Datos (GDPR) y la Ley de Servicios de la Sociedad de la Informaci\u00f3n y del Comercio Electr\u00f3nico (LSSI-CE).<\/p><div><hr \/><\/div><p><strong>Contacto<\/strong><\/p><p>Si tiene alguna pregunta sobre esta pol\u00edtica de cookies o sobre c\u00f3mo manejamos sus datos personales, puede ponerse en contacto con nosotros a trav\u00e9s del correo electr\u00f3nico: <a>inmo@oassiuminmobiliaria.com<\/a>.<\/p><p>Fecha de \u00faltima actualizaci\u00f3n: 23\/01\/25<\/p>\t\t\t\t\t\t\t\t<\/div>\n\t\t\t\t<\/div>\n\t\t\t\t\t<\/div>\n\t\t<\/div>\n\t\t\t\t\t<\/div>\n\t\t<\/section>\n\t\t\t\t<\/div>\n\t\t","protected":false},"excerpt":{"rendered":"<p>En Oassium Inmobiliaria, nos comprometemos a proteger la privacidad de nuestros usuarios y garantizar la seguridad de la informaci\u00f3n personal que recopilamos. Esta pol\u00edtica de privacidad describe c\u00f3mo recopilamos, utilizamos y protegemos sus datos personales. Al utilizar nuestro sitio web, usted acepta las pr\u00e1cticas descritas en esta pol\u00edtica. Informaci\u00f3n de contacto Nombre de la empresa:&#8230;<\/p>","protected":false},"author":1,"featured_media":0,"parent":0,"menu_order":0,"comment_status":"closed","ping_status":"closed","template":"","meta":{"footnotes":""},"class_list":["post-16484","page","type-page","status-publish","hentry"],"_links":{"self":[{"href":"https:\/\/oassiuminmobiliaria.com\/zh\/wp-json\/wp\/v2\/pages\/16484","targetHints":{"allow":["GET"]}}],"collection":[{"href":"https:\/\/oassiuminmobiliaria.com\/zh\/wp-json\/wp\/v2\/pages"}],"about":[{"href":"https:\/\/oassiuminmobiliaria.com\/zh\/wp-json\/wp\/v2\/types\/page"}],"author":[{"embeddable":true,"href":"https:\/\/oassiuminmobiliaria.com\/zh\/wp-json\/wp\/v2\/users\/1"}],"replies":[{"embeddable":true,"href":"https:\/\/oassiuminmobiliaria.com\/zh\/wp-json\/wp\/v2\/comments?post=16484"}],"version-history":[{"count":6,"href":"https:\/\/oassiuminmobiliaria.com\/zh\/wp-json\/wp\/v2\/pages\/16484\/revisions"}],"predecessor-version":[{"id":17061,"href":"https:\/\/oassiuminmobiliaria.com\/zh\/wp-json\/wp\/v2\/pages\/16484\/revisions\/17061"}],"wp:attachment":[{"href":"https:\/\/oassiuminmobiliaria.com\/zh\/wp-json\/wp\/v2\/media?parent=16484"}],"curies":[{"name":"wp","href":"https:\/\/api.w.org\/{rel}","templated":true}]}}