{"id":5079,"date":"2023-06-15T08:53:00","date_gmt":"2023-06-15T08:53:00","guid":{"rendered":"http:\/\/oassiuminmobiliaria.com\/?page_id=5079"},"modified":"2024-09-13T10:41:41","modified_gmt":"2024-09-13T08:41:41","slug":"mortgages","status":"publish","type":"page","link":"https:\/\/oassiuminmobiliaria.com\/zh\/mortgages\/","title":{"rendered":"Hipotecas"},"content":{"rendered":"\t\t<div data-elementor-type=\"wp-page\" data-elementor-id=\"5079\" class=\"elementor elementor-5079\">\n\t\t\t\t\t\t<section class=\"elementor-section elementor-top-section elementor-element elementor-element-b7116b5 elementor-section-boxed elementor-section-height-default elementor-section-height-default\" data-id=\"b7116b5\" data-element_type=\"section\">\n\t\t\t\t\t\t<div class=\"elementor-container elementor-column-gap-default\">\n\t\t\t\t\t<div class=\"elementor-column elementor-col-50 elementor-top-column elementor-element elementor-element-341d4aa\" data-id=\"341d4aa\" data-element_type=\"column\">\n\t\t\t<div class=\"elementor-widget-wrap elementor-element-populated\">\n\t\t\t\t\t\t<div class=\"elementor-element elementor-element-a4c606b elementor-widget elementor-widget-heading\" data-id=\"a4c606b\" data-element_type=\"widget\" data-widget_type=\"heading.default\">\n\t\t\t\t<div class=\"elementor-widget-container\">\n\t\t\t\t\t<h2 class=\"elementor-heading-title elementor-size-default\">En Oassium Inmobiliaria nos encargamos de encontrar la mejor hipoteca que se adapte a ti.<\/h2>\t\t\t\t<\/div>\n\t\t\t\t<\/div>\n\t\t\t\t<div class=\"elementor-element elementor-element-18597f9 elementor-widget elementor-widget-heading\" data-id=\"18597f9\" data-element_type=\"widget\" data-widget_type=\"heading.default\">\n\t\t\t\t<div class=\"elementor-widget-container\">\n\t\t\t\t\t<h3 class=\"elementor-heading-title elementor-size-default\">Tu mejor hipoteca es:<\/h3>\t\t\t\t<\/div>\n\t\t\t\t<\/div>\n\t\t\t\t<div class=\"elementor-element elementor-element-5f6ad5c elementor-view-stacked elementor-shape-circle elementor-widget elementor-widget-icon\" data-id=\"5f6ad5c\" data-element_type=\"widget\" data-widget_type=\"icon.default\">\n\t\t\t\t<div class=\"elementor-widget-container\">\n\t\t\t\t\t\t\t<div class=\"elementor-icon-wrapper\">\n\t\t\t<div class=\"elementor-icon\">\n\t\t\t<i aria-hidden=\"true\" class=\"fas fa-home\"><\/i>\t\t\t<\/div>\n\t\t<\/div>\n\t\t\t\t\t\t<\/div>\n\t\t\t\t<\/div>\n\t\t\t\t<div class=\"elementor-element elementor-element-b0d8471 elementor-widget-divider--view-line elementor-widget elementor-widget-divider\" data-id=\"b0d8471\" data-element_type=\"widget\" data-widget_type=\"divider.default\">\n\t\t\t\t<div class=\"elementor-widget-container\">\n\t\t\t\t\t\t\t<div class=\"elementor-divider\">\n\t\t\t<span class=\"elementor-divider-separator\">\n\t\t\t\t\t\t<\/span>\n\t\t<\/div>\n\t\t\t\t\t\t<\/div>\n\t\t\t\t<\/div>\n\t\t\t\t<div class=\"elementor-element elementor-element-76e5f0d elementor-widget elementor-widget-heading\" data-id=\"76e5f0d\" data-element_type=\"widget\" data-widget_type=\"heading.default\">\n\t\t\t\t<div class=\"elementor-widget-container\">\n\t\t\t\t\t<h2 class=\"elementor-heading-title elementor-size-default\">HIPOTECA GLOBAL (100% MAS GASTOS)<\/h2>\t\t\t\t<\/div>\n\t\t\t\t<\/div>\n\t\t\t\t<div class=\"elementor-element elementor-element-6ede068 elementor-align-start elementor-icon-list--layout-traditional elementor-list-item-link-full_width elementor-widget elementor-widget-icon-list\" data-id=\"6ede068\" data-element_type=\"widget\" data-widget_type=\"icon-list.default\">\n\t\t\t\t<div class=\"elementor-widget-container\">\n\t\t\t\t\t\t\t<ul class=\"elementor-icon-list-items\">\n\t\t\t\t\t\t\t<li class=\"elementor-icon-list-item\">\n\t\t\t\t\t\t\t\t\t\t\t<span class=\"elementor-icon-list-icon\">\n\t\t\t\t\t\t\t<i aria-hidden=\"true\" class=\"fas fa-arrow-right\"><\/i>\t\t\t\t\t\t<\/span>\n\t\t\t\t\t\t\t\t\t\t<span class=\"elementor-icon-list-text\">HASTA EL 100% DE LA COMPRA M\u00c1S TODOS LOS GASTOS ASOCIADOS A LA OPERACI\u00d3N<\/span>\n\t\t\t\t\t\t\t\t\t<\/li>\n\t\t\t\t\t\t\t\t<li class=\"elementor-icon-list-item\">\n\t\t\t\t\t\t\t\t\t\t\t<span class=\"elementor-icon-list-icon\">\n\t\t\t\t\t\t\t<i aria-hidden=\"true\" class=\"fas fa-arrow-right\"><\/i>\t\t\t\t\t\t<\/span>\n\t\t\t\t\t\t\t\t\t\t<span class=\"elementor-icon-list-text\">OPERACI\u00d3N CON DOBLE GARANT\u00cdA<\/span>\n\t\t\t\t\t\t\t\t\t<\/li>\n\t\t\t\t\t\t\t\t<li class=\"elementor-icon-list-item\">\n\t\t\t\t\t\t\t\t\t\t\t<span class=\"elementor-icon-list-icon\">\n\t\t\t\t\t\t\t<i aria-hidden=\"true\" class=\"fas fa-arrow-right\"><\/i>\t\t\t\t\t\t<\/span>\n\t\t\t\t\t\t\t\t\t\t<span class=\"elementor-icon-list-text\">HASTA 40 A\u00d1OS TIPO VARIABLE DESDE EURIBOR + 0,89<\/span>\n\t\t\t\t\t\t\t\t\t<\/li>\n\t\t\t\t\t\t\t\t<li class=\"elementor-icon-list-item\">\n\t\t\t\t\t\t\t\t\t\t\t<span class=\"elementor-icon-list-icon\">\n\t\t\t\t\t\t\t<i aria-hidden=\"true\" class=\"fas fa-arrow-right\"><\/i>\t\t\t\t\t\t<\/span>\n\t\t\t\t\t\t\t\t\t\t<span class=\"elementor-icon-list-text\">HASTA 30 A\u00d1OS SALIDA A TASA MIXTA DESDE 3% RESTO EUR + 0,89<\/span>\n\t\t\t\t\t\t\t\t\t<\/li>\n\t\t\t\t\t\t<\/ul>\n\t\t\t\t\t\t<\/div>\n\t\t\t\t<\/div>\n\t\t\t\t<div class=\"elementor-element elementor-element-5bf793f elementor-widget elementor-widget-text-editor\" data-id=\"5bf793f\" data-element_type=\"widget\" data-widget_type=\"text-editor.default\">\n\t\t\t\t<div class=\"elementor-widget-container\">\n\t\t\t\t\t\t\t\t\t<p>Si no tienes ahorros, con esta hipoteca puedes financiar el 100% de la compra. En Oassium Inmobiliaria somos expertos en gesti\u00f3n hipotecaria y podemos conseguirte la mejor hipoteca. Conseguir\u00e1s la casa de tus sue\u00f1os.<\/p>\t\t\t\t\t\t\t\t<\/div>\n\t\t\t\t<\/div>\n\t\t\t\t<div class=\"elementor-element elementor-element-28a8c92 elementor-widget elementor-widget-text-editor\" data-id=\"28a8c92\" data-element_type=\"widget\" data-widget_type=\"text-editor.default\">\n\t\t\t\t<div class=\"elementor-widget-container\">\n\t\t\t\t\t\t\t\t\t<p>Las condiciones de este contenido no tienen car\u00e1cter precontractual, \u00fanicamente de car\u00e1cter informativo, quedando sujetas a estudio y aprobaci\u00f3n por parte del banco.<\/p>\t\t\t\t\t\t\t\t<\/div>\n\t\t\t\t<\/div>\n\t\t\t\t\t<\/div>\n\t\t<\/div>\n\t\t\t\t<div class=\"elementor-column elementor-col-50 elementor-top-column elementor-element elementor-element-8c87464\" data-id=\"8c87464\" data-element_type=\"column\">\n\t\t\t<div class=\"elementor-widget-wrap elementor-element-populated\">\n\t\t\t\t\t\t<div class=\"elementor-element elementor-element-02f609b elementor-widget elementor-widget-image\" data-id=\"02f609b\" data-element_type=\"widget\" data-widget_type=\"image.default\">\n\t\t\t\t<div class=\"elementor-widget-container\">\n\t\t\t\t\t\t\t\t\t\t\t\t\t\t\t<img decoding=\"async\" src=\"http:\/\/oassiuminmobiliaria.com\/wp-content\/uploads\/2015\/07\/resturant-interrior.jpg\" title=\"\" alt=\"\" loading=\"lazy\" \/>\t\t\t\t\t\t\t\t\t\t\t\t\t\t\t<\/div>\n\t\t\t\t<\/div>\n\t\t\t\t\t<\/div>\n\t\t<\/div>\n\t\t\t\t\t<\/div>\n\t\t<\/section>\n\t\t\t\t<section class=\"elementor-section elementor-top-section elementor-element elementor-element-d519120 elementor-section-boxed elementor-section-height-default elementor-section-height-default\" data-id=\"d519120\" data-element_type=\"section\">\n\t\t\t\t\t\t<div class=\"elementor-container elementor-column-gap-default\">\n\t\t\t\t\t<div class=\"elementor-column elementor-col-100 elementor-top-column elementor-element elementor-element-820106b\" data-id=\"820106b\" data-element_type=\"column\">\n\t\t\t<div class=\"elementor-widget-wrap elementor-element-populated\">\n\t\t\t\t\t\t<div class=\"elementor-element elementor-element-9c38a6a elementor-widget elementor-widget-heading\" data-id=\"9c38a6a\" data-element_type=\"widget\" data-widget_type=\"heading.default\">\n\t\t\t\t<div class=\"elementor-widget-container\">\n\t\t\t\t\t<h2 class=\"elementor-heading-title elementor-size-default\">Conocer la experiencia de\nlos dem\u00e1s.<\/h2>\t\t\t\t<\/div>\n\t\t\t\t<\/div>\n\t\t\t\t<div class=\"elementor-element elementor-element-9df62ec elementor-widget-divider--view-line elementor-widget elementor-widget-divider\" data-id=\"9df62ec\" data-element_type=\"widget\" data-widget_type=\"divider.default\">\n\t\t\t\t<div class=\"elementor-widget-container\">\n\t\t\t\t\t\t\t<div class=\"elementor-divider\">\n\t\t\t<span class=\"elementor-divider-separator\">\n\t\t\t\t\t\t<\/span>\n\t\t<\/div>\n\t\t\t\t\t\t<\/div>\n\t\t\t\t<\/div>\n\t\t\t\t<div class=\"elementor-element elementor-element-39cca66 elementor-widget elementor-widget-inspiry-testimonial-widget\" data-id=\"39cca66\" data-element_type=\"widget\" data-widget_type=\"inspiry-testimonial-widget.default\">\n\t\t\t\t<div class=\"elementor-widget-container\">\n\t\t\t\t\t            <div class=\"rhea_testimonial_2_wrapper\" data-slides-fluid=3 data-slides-count=3 data-slides-count-tab=2 data-slides-count-mobile=1 data-slider-gap=\"30\" data-nav-dots=\"true\" data-rtl=\"false\">\n                <div id=\"rhea_testimonials_39cca66\" class=\"rhea_testimonials_slider owl-carousel owl-theme\">\n\t\t\t\t\t                        <div                                 class=\"rhea_testimonial_2_card\">\n\t\t\t\t\t\t\t\n                                <div class=\"rhea_testimonial_2_text\">\n                                    <p>\n\t\t\t\t\t\t\t\t\t\tMi agradecimiento al equipo de Oassium Inmobiliaria y menci\u00f3n especial a Sandra.\nDefinitivamente usar\u00e9 sus servicios nuevamente en caso de que los\nnecesitemos nuevamente. \u00a1Muchas gracias por el trato recibido y vuestra gesti\u00f3n!\n                                    <\/p>\n\n\n\t\t\t\t\t\t\t\t\t<span class=\"rating-stars\"><i class=\"fas fa-star rated\"><\/i><i class=\"fas fa-star rated\"><\/i><i class=\"fas fa-star rated\"><\/i><i class=\"fas fa-star rated\"><\/i><i class=\"fas fa-star rated\"><\/i><\/span>\n                                <\/div>\n\n                                <div class=\"rhea_testimonial_2_author\">\n\t\t\t\t\t\t\t\t\t                                    <div class=\"rhea_testimonial_2_name\">\n\t\t\t\t\t\t\t\t\t\t                                            <h3>Mercedes Fernandez <\/h3>\n\t\t\t\t\t\t\t\t\t\t\t                                    <\/div>\n                                <\/div>\n\n\t\t\t\t\t\t\t\t                        <\/div>\n\t\t\t\t\t\t                        <div                                 class=\"rhea_testimonial_2_card\">\n\t\t\t\t\t\t\t\n                                <div class=\"rhea_testimonial_2_text\">\n                                    <p>\n\t\t\t\t\t\t\t\t\t\tGracias a Richar ya\ntenemos nuestra casa. .\nLogr\u00f3 algo que antes de\nconocerla pens\u00e1bamos que\nera imposible. Tras la\nnegativa de muchos bancos,\nlos encontr\u00e9 a trav\u00e9s de un\nanuncio en Internet.\n                                    <\/p>\n\n\n\t\t\t\t\t\t\t\t\t<span class=\"rating-stars\"><i class=\"fas fa-star rated\"><\/i><i class=\"fas fa-star rated\"><\/i><i class=\"fas fa-star rated\"><\/i><i class=\"fas fa-star rated\"><\/i><i class=\"fas fa-star rated\"><\/i><\/span>\n                                <\/div>\n\n                                <div class=\"rhea_testimonial_2_author\">\n\t\t\t\t\t\t\t\t\t                                    <div class=\"rhea_testimonial_2_name\">\n\t\t\t\t\t\t\t\t\t\t                                            <h3>Fernando Trigos<\/h3>\n\t\t\t\t\t\t\t\t\t\t\t                                    <\/div>\n                                <\/div>\n\n\t\t\t\t\t\t\t\t                        <\/div>\n\t\t\t\t\t\t                        <div                                 class=\"rhea_testimonial_2_card\">\n\t\t\t\t\t\t\t\n                                <div class=\"rhea_testimonial_2_text\">\n                                    <p>\n\t\t\t\t\t\t\t\t\t\tMi agradecimiento al equipo de Oassium Inmobiliaria y\nmenci\u00f3n especial a Sandra.\nDefinitivamente usar\u00e9 sus\nservicios nuevamente en\ncaso de que los\nnecesitemos nuevamente.\n\u00a1Muchas gracias por el trato\nrecibido y vuestra gesti\u00f3n!\n                                    <\/p>\n\n\n\t\t\t\t\t\t\t\t\t<span class=\"rating-stars\"><i class=\"fas fa-star rated\"><\/i><i class=\"fas fa-star rated\"><\/i><i class=\"fas fa-star rated\"><\/i><i class=\"fas fa-star rated\"><\/i><i class=\"fas fa-star rated\"><\/i><\/span>\n                                <\/div>\n\n                                <div class=\"rhea_testimonial_2_author\">\n\t\t\t\t\t\t\t\t\t                                    <div class=\"rhea_testimonial_2_name\">\n\t\t\t\t\t\t\t\t\t\t                                            <h3>Ana Maria Gonzalez<\/h3>\n\t\t\t\t\t\t\t\t\t\t\t                                    <\/div>\n                                <\/div>\n\n\t\t\t\t\t\t\t\t                        <\/div>\n\t\t\t\t\t\t                        <div                                 class=\"rhea_testimonial_2_card\">\n\t\t\t\t\t\t\t\n                                <div class=\"rhea_testimonial_2_text\">\n                                    <p>\n\t\t\t\t\t\t\t\t\t\tEstamos muy contentos con\nel gran trabajo realizado por\nRichar Ferreira. Ha sido un\ngran profesional, riguroso y\ncercano. Gracias a Oassium\nInmobiliaria hemos\nconseguido hacer realidad\nnuestro sue\u00f1o.                                    <\/p>\n\n\n\t\t\t\t\t\t\t\t\t<span class=\"rating-stars\"><i class=\"fas fa-star rated\"><\/i><i class=\"fas fa-star rated\"><\/i><i class=\"fas fa-star rated\"><\/i><i class=\"fas fa-star rated\"><\/i><i class=\"fas fa-star rated\"><\/i><\/span>\n                                <\/div>\n\n                                <div class=\"rhea_testimonial_2_author\">\n\t\t\t\t\t\t\t\t\t                                    <div class=\"rhea_testimonial_2_name\">\n\t\t\t\t\t\t\t\t\t\t                                            <h3>julia ybarra<\/h3>\n\t\t\t\t\t\t\t\t\t\t\t                                    <\/div>\n                                <\/div>\n\n\t\t\t\t\t\t\t\t                        <\/div>\n\t\t\t\t\t\t                <\/div>\n            <\/div>\n\t\t\t\t\t\t\t<\/div>\n\t\t\t\t<\/div>\n\t\t\t\t\t<\/div>\n\t\t<\/div>\n\t\t\t\t\t<\/div>\n\t\t<\/section>\n\t\t\t\t<section class=\"elementor-section elementor-top-section elementor-element elementor-element-6a8b22 elementor-section-boxed elementor-section-height-default elementor-section-height-default\" data-id=\"6a8b22\" data-element_type=\"section\">\n\t\t\t\t\t\t<div class=\"elementor-container elementor-column-gap-default\">\n\t\t\t\t\t<div class=\"elementor-column elementor-col-50 elementor-top-column elementor-element elementor-element-5740736f\" data-id=\"5740736f\" data-element_type=\"column\">\n\t\t\t<div class=\"elementor-widget-wrap elementor-element-populated\">\n\t\t\t\t\t\t<div class=\"elementor-element elementor-element-5eb2e345 elementor-widget elementor-widget-shortcode\" data-id=\"5eb2e345\" data-element_type=\"widget\" data-widget_type=\"shortcode.default\">\n\t\t\t\t<div class=\"elementor-widget-container\">\n\t\t\t\t\t\t\t<div class=\"elementor-shortcode\"><style id=\"wpforms-css-vars-4981\">\n\t\t\t\t#wpforms-4981 {\n\t\t\t\t\n\t\t\t}\n\t\t\t<\/style><div class=\"wpforms-container wpforms-container-full wpforms-render-modern\" id=\"wpforms-4981\"><form id=\"wpforms-form-4981\" class=\"wpforms-validate wpforms-form wpforms-ajax-form\" data-formid=\"4981\" method=\"post\" enctype=\"multipart\/form-data\" action=\"\/zh\/wp-json\/wp\/v2\/pages\/5079\" data-token=\"7a4784e33a253637dcf1a67c85ef5885\" data-token-time=\"1776405876\"><noscript class=\"wpforms-error-noscript\">\u8bf7\u5728\u6d4f\u89c8\u5668\u4e2d\u542f\u7528JavaScript\u6765\u5b8c\u6210\u6b64\u8868\u5355\u3002<\/noscript><div id=\"wpforms-error-noscript\" style=\"display: none;\">\u8bf7\u5728\u6d4f\u89c8\u5668\u4e2d\u542f\u7528JavaScript\u6765\u5b8c\u6210\u6b64\u8868\u5355\u3002<\/div><div class=\"wpforms-field-container\"><div id=\"wpforms-4981-field_1-container\" class=\"wpforms-field wpforms-field-name\" data-field-id=\"1\"><fieldset><legend class=\"wpforms-field-label\">Nombre <span class=\"wpforms-required-label\" aria-hidden=\"true\">*<\/span><\/legend><div class=\"wpforms-field-row wpforms-field-medium\"><div class=\"wpforms-field-row-block wpforms-first wpforms-one-half\"><input type=\"text\" id=\"wpforms-4981-field_1\" class=\"wpforms-field-name-first wpforms-field-required\" name=\"wpforms[fields][1][first]\" aria-errormessage=\"wpforms-4981-field_1-error\" required><label for=\"wpforms-4981-field_1\" class=\"wpforms-field-sublabel after\">\u524d\u4e00\u9875<\/label><\/div><div class=\"wpforms-field-row-block wpforms-one-half\"><input type=\"text\" id=\"wpforms-4981-field_1-last\" class=\"wpforms-field-name-last wpforms-field-required\" name=\"wpforms[fields][1][last]\" aria-errormessage=\"wpforms-4981-field_1-last-error\" required><label for=\"wpforms-4981-field_1-last\" class=\"wpforms-field-sublabel after\">\u540e\u4e00\u9875<\/label><\/div><\/div><\/fieldset><\/div><div id=\"wpforms-4981-field_2-container\" class=\"wpforms-field wpforms-field-email\" data-field-id=\"2\"><label class=\"wpforms-field-label\" for=\"wpforms-4981-field_2\">Email <span class=\"wpforms-required-label\" aria-hidden=\"true\">*<\/span><\/label><input type=\"email\" id=\"wpforms-4981-field_2\" class=\"wpforms-field-medium wpforms-field-required\" name=\"wpforms[fields][2]\" placeholder=\"Your Email\" spellcheck=\"false\" aria-errormessage=\"wpforms-4981-field_2-error\" required><\/div><div id=\"wpforms-4981-field_3-container\" class=\"wpforms-field wpforms-field-number\" data-field-id=\"3\"><label class=\"wpforms-field-label\" for=\"wpforms-4981-field_3\">Tel\u00e9fono<\/label><input type=\"number\" id=\"wpforms-4981-field_3\" class=\"wpforms-field-medium\" name=\"wpforms[fields][3]\" step=\"any\" aria-errormessage=\"wpforms-4981-field_3-error\" aria-describedby=\"wpforms-4981-field_3-description\" ><div id=\"wpforms-4981-field_3-description\" class=\"wpforms-field-description\">Your Numberr<\/div><\/div><div id=\"wpforms-4981-field_4-container\" class=\"wpforms-field wpforms-field-textarea\" data-field-id=\"4\"><label class=\"wpforms-field-label\" for=\"wpforms-4981-field_4\">Mensaje <\/label><textarea id=\"wpforms-4981-field_4\" class=\"wpforms-field-medium\" name=\"wpforms[fields][4]\" aria-errormessage=\"wpforms-4981-field_4-error\" ><\/textarea><\/div><\/div><!-- .wpforms-field-container --><div class=\"wpforms-recaptcha-container wpforms-is-recaptcha wpforms-is-recaptcha-type-v2\" ><div class=\"g-recaptcha\" data-sitekey=\"6Lcum1MpAAAAAN1QZhMhOyf9Kd9ojBrBBOSROdNg\"><\/div><input type=\"text\" name=\"g-recaptcha-hidden\" class=\"wpforms-recaptcha-hidden\" style=\"position:absolute!important;clip:rect(0,0,0,0)!important;height:1px!important;width:1px!important;border:0!important;overflow:hidden!important;padding:0!important;margin:0!important;\" data-rule-recaptcha=\"1\"><\/div><div class=\"wpforms-submit-container\" ><input type=\"hidden\" name=\"wpforms[id]\" value=\"4981\"><input type=\"hidden\" name=\"page_title\" value=\"\"><input type=\"hidden\" name=\"page_url\" value=\"https:\/\/oassiuminmobiliaria.com\/zh\/wp-json\/wp\/v2\/pages\/5079\"><input type=\"hidden\" name=\"url_referer\" value=\"\"><button type=\"submit\" name=\"wpforms[submit]\" id=\"wpforms-submit-4981\" class=\"wpforms-submit\" data-alt-text=\"Sending...\" data-submit-text=\"Enviar\" aria-live=\"assertive\" value=\"wpforms-submit\">Enviar<\/button><img decoding=\"async\" src=\"https:\/\/oassiuminmobiliaria.com\/wp-content\/plugins\/wpforms-lite\/assets\/images\/submit-spin.svg\" class=\"wpforms-submit-spinner\" style=\"display: none;\" width=\"26\" height=\"26\" alt=\"\u52a0\u8f7d\"><\/div><\/form><\/div>  <!-- .wpforms-container --><\/div>\n\t\t\t\t\t\t<\/div>\n\t\t\t\t<\/div>\n\t\t\t\t\t<\/div>\n\t\t<\/div>\n\t\t\t\t<div class=\"elementor-column elementor-col-50 elementor-top-column elementor-element elementor-element-5f7b48e2\" data-id=\"5f7b48e2\" data-element_type=\"column\">\n\t\t\t<div class=\"elementor-widget-wrap elementor-element-populated\">\n\t\t\t\t\t\t<div class=\"elementor-element elementor-element-af7f881 elementor-widget elementor-widget-heading\" data-id=\"af7f881\" data-element_type=\"widget\" data-widget_type=\"heading.default\">\n\t\t\t\t<div class=\"elementor-widget-container\">\n\t\t\t\t\t<h2 class=\"elementor-heading-title elementor-size-default\">Si est\u00e1 buscando la mejor\nhipoteca para la casa de sus\nsue\u00f1os, \u00a1est\u00e1 en el lugar\ncorrecto!\n<\/h2>\t\t\t\t<\/div>\n\t\t\t\t<\/div>\n\t\t\t\t<div class=\"elementor-element elementor-element-3bb7dcb elementor-widget-divider--view-line elementor-widget elementor-widget-divider\" data-id=\"3bb7dcb\" data-element_type=\"widget\" data-widget_type=\"divider.default\">\n\t\t\t\t<div class=\"elementor-widget-container\">\n\t\t\t\t\t\t\t<div class=\"elementor-divider\">\n\t\t\t<span class=\"elementor-divider-separator\">\n\t\t\t\t\t\t<\/span>\n\t\t<\/div>\n\t\t\t\t\t\t<\/div>\n\t\t\t\t<\/div>\n\t\t\t\t<div class=\"elementor-element elementor-element-68c2741 elementor-widget elementor-widget-heading\" data-id=\"68c2741\" data-element_type=\"widget\" data-widget_type=\"heading.default\">\n\t\t\t\t<div class=\"elementor-widget-container\">\n\t\t\t\t\t<h2 class=\"elementor-heading-title elementor-size-default\">En Oassium Inmobiliaria te\nayudamos a conseguir tu\nmejor hipoteca.<\/h2>\t\t\t\t<\/div>\n\t\t\t\t<\/div>\n\t\t\t\t<div class=\"elementor-element elementor-element-cf7f186 elementor-widget elementor-widget-heading\" data-id=\"cf7f186\" data-element_type=\"widget\" data-widget_type=\"heading.default\">\n\t\t\t\t<div class=\"elementor-widget-container\">\n\t\t\t\t\t<h2 class=\"elementor-heading-title elementor-size-default\">Complete el siguiente\nformulario y en breve nos\npondremos en contacto con\nusted para comenzar.\n<\/h2>\t\t\t\t<\/div>\n\t\t\t\t<\/div>\n\t\t\t\t\t<\/div>\n\t\t<\/div>\n\t\t\t\t\t<\/div>\n\t\t<\/section>\n\t\t\t\t<\/div>\n\t\t","protected":false},"excerpt":{"rendered":"<p>En Oassium Inmobiliaria nos encargamos de encontrar la mejor hipoteca que se adapte a ti. Tu mejor hipoteca es: HIPOTECA GLOBAL (100% MAS GASTOS) &nbsp; HASTA EL 100% DE LA COMPRA M\u00c1S TODOS LOS GASTOS ASOCIADOS A LA OPERACI\u00d3N OPERACI\u00d3N CON DOBLE GARANT\u00cdA HASTA 40 A\u00d1OS TIPO VARIABLE DESDE EURIBOR + 0,89 HASTA 30 A\u00d1OS&#8230;<\/p>","protected":false},"author":1,"featured_media":0,"parent":0,"menu_order":0,"comment_status":"closed","ping_status":"closed","template":"","meta":{"footnotes":""},"class_list":["post-5079","page","type-page","status-publish","hentry"],"_links":{"self":[{"href":"https:\/\/oassiuminmobiliaria.com\/zh\/wp-json\/wp\/v2\/pages\/5079","targetHints":{"allow":["GET"]}}],"collection":[{"href":"https:\/\/oassiuminmobiliaria.com\/zh\/wp-json\/wp\/v2\/pages"}],"about":[{"href":"https:\/\/oassiuminmobiliaria.com\/zh\/wp-json\/wp\/v2\/types\/page"}],"author":[{"embeddable":true,"href":"https:\/\/oassiuminmobiliaria.com\/zh\/wp-json\/wp\/v2\/users\/1"}],"replies":[{"embeddable":true,"href":"https:\/\/oassiuminmobiliaria.com\/zh\/wp-json\/wp\/v2\/comments?post=5079"}],"version-history":[{"count":38,"href":"https:\/\/oassiuminmobiliaria.com\/zh\/wp-json\/wp\/v2\/pages\/5079\/revisions"}],"predecessor-version":[{"id":14129,"href":"https:\/\/oassiuminmobiliaria.com\/zh\/wp-json\/wp\/v2\/pages\/5079\/revisions\/14129"}],"wp:attachment":[{"href":"https:\/\/oassiuminmobiliaria.com\/zh\/wp-json\/wp\/v2\/media?parent=5079"}],"curies":[{"name":"wp","href":"https:\/\/api.w.org\/{rel}","templated":true}]}}